{"id":20,"date":"2025-04-03T11:02:03","date_gmt":"2025-04-03T11:02:03","guid":{"rendered":"https:\/\/givevent.dk\/?page_id=20"},"modified":"2025-08-11T08:09:04","modified_gmt":"2025-08-11T06:09:04","slug":"forside","status":"publish","type":"page","link":"https:\/\/givevent.dk\/","title":{"rendered":"Forside"},"content":{"rendered":"<section class=\"bde-section-20-104 bde-section\">\n  \n  \n\t\n\n\n\n<div class=\"section-container\"><div class=\"bde-advancedslider-20-105 bde-advancedslider\">\n<div class=\"breakdance-swiper-wrapper\" data-swiper-id=\"105\">\n  <div class=\"swiper\">\n    <div class=\"swiper-wrapper\">\n      <div class=\"bde-advancedslide-20-106 bde-advancedslide swiper-slide\"><div class=\"advanced-slider__slide\">\r\n  <div class=\"bde-div-20-107 bde-div\">\n  \n  \n\t\n\n\n\n<h1 class=\"bde-dual-heading-20-108 bde-dual-heading\">\n\n\n            <span data-style=\"primary\" class=\"dual-heading--primary  \">Vi hj\u00e6lper med luftforandring,<\/span>\n\n            <span data-style=\"secondary\" class=\"dual-heading--secondary  \">Give Ventilation<\/span>\n\n\n\n<\/h1><div class=\"bde-text-20-109 bde-text\">\nVelkommen til GIVE VENTilation ApS - din p\u00e5lidelige partner inden for ventilation! Vi forst\u00e5r, at et sundt indeklima er essentielt for b\u00e5de hjemmet, erhvervslivet og industrien. Med mange \u00e5rs erfaring i branchen leverer vi skr\u00e6ddersyede l\u00f8sninger, der sikrer optimal luftkvalitet og energieffektivitet. Vores engagerede team st\u00e5r klar til at r\u00e5dgive dig, s\u00e5 du kan f\u00e5 dine behov og opgave opfyldt.\n<\/div><div class=\"bde-button-20-110 bde-button\">\n        \n    \n    \n    \n    \n            \n                    \n            \n            \n\n    \n    \n    \n    \n    \n    <a class=\"breakdance-link button-atom button-atom--primary bde-button__button\" href=\"https:\/\/givevent.dk\/index.php\/kontakt-os\/\" target=\"_self\" data-type=\"url\"  >\n\n    \n        <span class=\"button-atom__text\">Kontakt os<\/span>\n\n        \n        \n                <\/a>\n\n    \n\n\n<\/div>\n<\/div>\r\n<\/div><\/div><div class=\"bde-advancedslide-20-111 bde-advancedslide swiper-slide\"><div class=\"advanced-slider__slide\">\r\n  <div class=\"bde-div-20-112 bde-div\">\n  \n  \n\t\n\n\n\n<h1 class=\"bde-dual-heading-20-113 bde-dual-heading\">\n\n\n            <span data-style=\"primary\" class=\"dual-heading--primary  \">Vi hj\u00e6lper med luftforandring,<\/span>\n\n            <span data-style=\"secondary\" class=\"dual-heading--secondary  \">Give Ventilation<\/span>\n\n\n\n<\/h1><div class=\"bde-text-20-114 bde-text\">\nVi prioriterer tillid og personlig service, fordi vi ved, at hver kunde er unik. Uanset om du har brug for ventilation til din bolig, kontor eller produktionshal, kan du stole p\u00e5, at vi leverer kvalitet og ekspertise. Lad os sammen skabe et behageligt og sundt milj\u00f8 for dig, medarbejdere og beboere!\n<\/div><div class=\"bde-button-20-115 bde-button\">\n        \n    \n    \n    \n    \n            \n                    \n            \n            \n\n    \n    \n    \n    \n    \n    <a class=\"breakdance-link button-atom button-atom--primary bde-button__button\" href=\"https:\/\/givevent.dk\/index.php\/kontakt-os\/\" target=\"_self\" data-type=\"url\"  >\n\n    \n        <span class=\"button-atom__text\">Kontakt os<\/span>\n\n        \n        \n                <\/a>\n\n    \n\n\n<\/div>\n<\/div>\r\n<\/div><\/div><div class=\"bde-advancedslide-20-116 bde-advancedslide swiper-slide\"><div class=\"advanced-slider__slide\">\r\n  <div class=\"bde-div-20-117 bde-div\">\n  \n  \n\t\n\n\n\n<h1 class=\"bde-dual-heading-20-118 bde-dual-heading\">\n\n\n            <span data-style=\"primary\" class=\"dual-heading--primary  \">Vi hj\u00e6lper med luftforandring,<\/span>\n\n            <span data-style=\"secondary\" class=\"dual-heading--secondary  \">Give Ventilation<\/span>\n\n\n\n<\/h1><div class=\"bde-text-20-119 bde-text\">\nVi har over 40 \u00e5rs erfaring indenfor Salg, Erhverv, Bolig og Industri\n<\/div><div class=\"bde-button-20-120 bde-button\">\n        \n    \n    \n    \n    \n            \n                    \n            \n            \n\n    \n    \n    \n    \n    \n    <a class=\"breakdance-link button-atom button-atom--primary bde-button__button\" href=\"https:\/\/givevent.dk\/index.php\/kontakt-os\/\" target=\"_self\" data-type=\"url\"  >\n\n    \n        <span class=\"button-atom__text\">Kontakt os<\/span>\n\n        \n        \n                <\/a>\n\n    \n\n\n<\/div>\n<\/div>\r\n<\/div><\/div>\n    <\/div>\n  <\/div>\n\n              <div class=\"swiper-button-prev\">\n            \n        <\/div>\n        <div class=\"swiper-button-next\">\n            \n        <\/div>\n    \n            <div class=\"swiper-pagination\"><\/div>\n    \n<\/div>\n\n<\/div><\/div>\n<\/section><section class=\"bde-section-20-121 bde-section\">\n  \n  \n\t\n\n\n\n<div class=\"section-container\"><div class=\"bde-columns-20-122 bde-columns\"><div class=\"bde-column-20-123 bde-column\">\n  \n  \n\t\n\n\n\n<div class=\"bde-div-20-198 bde-div\">\n  \n  \n\t\n\n\n\n<div class=\"bde-image-20-124 bde-image\">\n<figure class=\"breakdance-image breakdance-image--202\">\n\t<div class=\"breakdance-image-container\">\n\t\t<div class=\"breakdance-image-clip\"><img loading=\"lazy\" decoding=\"async\" class=\"breakdance-image-object\" src=\"https:\/\/givevent.dk\/wp-content\/uploads\/2025\/05\/electric-service_home_electrofix.png\" width=\"875\" height=\"953\" srcset=\"https:\/\/givevent.dk\/wp-content\/uploads\/2025\/05\/electric-service_home_electrofix.png 875w, https:\/\/givevent.dk\/wp-content\/uploads\/2025\/05\/electric-service_home_electrofix-275x300.png 275w, https:\/\/givevent.dk\/wp-content\/uploads\/2025\/05\/electric-service_home_electrofix-768x836.png 768w\" sizes=\"auto, (max-width: 875px) 100vw, 875px\"><\/div>\n\t<\/div><\/figure>\n\n<\/div>\n<\/div>\n<\/div><div class=\"bde-column-20-125 bde-column\">\n  \n  \n\t\n\n\n\n<h2 class=\"bde-dual-heading-20-126 bde-dual-heading\">\n\n\n            <span data-style=\"primary\" class=\"dual-heading--primary  \">Bolig & Erhverv<\/span>\n\n            <span data-style=\"secondary\" class=\"dual-heading--secondary  \">Ventilation<\/span>\n\n\n\n<\/h2><div class=\"bde-text-20-127 bde-text\">\nHos Give Ventilation ApS tilbyder vi at h\u00e5ndtere alle ventilations opgaver. Det sp\u00e6nder fra projektering, kalkulation og projektledelse - kort sagt fra projektets begyndelse til aflevering hos bygherre.\n<\/div><div class=\"bde-icon-box-20-128 bde-icon-box\">\n\n    \n            <div class=\"ee-iconbox-icon breakdance-icon-atom\" >\n    \n                    <svg xmlns=\"http:\/\/www.w3.org\/2000\/svg\" id=\"icon-phone\" viewBox=\"0 0 32 32\">\n<path d=\"M22 20c-2 2-2 4-4 4s-4-2-6-4-4-4-4-6 2-2 4-4-4-8-6-8-6 6-6 6c0 4 4.109 12.109 8 16s12 8 16 8c0 0 6-4 6-6s-6-8-8-6z\"\/>\n<\/svg>\n        \n        \n        \n            <\/div>\n    \n\n<div class=\"ee-iconbox-content\">\n      <p class=\"ee-iconbox-title bde-h3\" >24\/7 Kontaktservice<\/p>\n        <div class=\"ee-iconbox-text\" >Du er altid velkommen til at give os en opringning eller benytte vores kontaktformular - 24 timer d\u00f8gnet rundt.<\/div>\n    <\/div>\n\n<\/div><div class=\"bde-icon-box-20-129 bde-icon-box\">\n\n    \n            <div class=\"ee-iconbox-icon breakdance-icon-atom\" >\n    \n                    <svg xmlns=\"http:\/\/www.w3.org\/2000\/svg\" id=\"icon-calendar\" viewBox=\"0 0 32 32\">\n<path d=\"M10 12h4v4h-4zM16 12h4v4h-4zM22 12h4v4h-4zM4 24h4v4h-4zM10 24h4v4h-4zM16 24h4v4h-4zM10 18h4v4h-4zM16 18h4v4h-4zM22 18h4v4h-4zM4 18h4v4h-4zM26 0v2h-4v-2h-14v2h-4v-2h-4v32h30v-32h-4zM28 30h-26v-22h26v22z\"\/>\n<\/svg>\n        \n        \n        \n            <\/div>\n    \n\n<div class=\"ee-iconbox-content\">\n      <p class=\"ee-iconbox-title bde-h3\" >+40 \u00c5rs erfaring<\/p>\n        <div class=\"ee-iconbox-text\" >Vi har tilsammen mere end 40 \u00e5rs erfaring indenfor ventilation - b\u00e5de erhverv, industri og bolig.<\/div>\n    <\/div>\n\n<\/div><div class=\"bde-button-20-131 bde-button\">\n        \n    \n    \n    \n    \n            \n                    \n            \n            \n\n    \n    \n    \n    \n    \n    <a class=\"breakdance-link button-atom button-atom--primary bde-button__button\" href=\"https:\/\/givevent.dk\/index.php\/kontakt-os\/\" target=\"_self\" data-type=\"url\"  >\n\n    \n        <span class=\"button-atom__text\">F\u00e5 mere information<\/span>\n\n                            \n        \n                <\/a>\n\n    \n\n\n<\/div>\n<\/div><\/div><\/div>\n<\/section><section class=\"bde-section-20-153 bde-section\">\n              \n  \n  \n\t\n\n\n\n<div class=\"section-container\"><div class=\"bde-columns-20-154 bde-columns\"><div class=\"bde-column-20-155 bde-column\">\n  \n  \n\t\n\n\n\n\n<\/div><div class=\"bde-column-20-158 bde-column\">\n  \n  \n\t\n\n\n\n<h2 class=\"bde-heading-20-159 bde-heading\">\nLad os v\u00e6re din langsigtede l\u00f8sning!<br><br>Kontakt os for en uforpligtende snak og tilbud.\n<\/h2><div class=\"bde-icon-list-20-160 bde-icon-list\">\n<ul>\n  \n              \n    <li>\n              <div class='bde-icon-list__item-wrapper'>\n      \n      <span class='bde-icon-list__icon' aria-hidden='true'>\n        <svg xmlns=\"http:\/\/www.w3.org\/2000\/svg\" width=\"17\" height=\"21\" viewBox=\"0 0 17 21\" fill=\"none\">\n<path d=\"M8.5 0C6.24648 0.00258035 4.08602 0.872603 2.49253 2.41922C0.899053 3.96584 0.00266759 6.06276 9.04313e-06 8.25C-0.00269001 10.0374 0.598857 11.7763 1.71237 13.2C1.71237 13.2 1.94419 13.4963 1.98205 13.539L8.5 21L15.021 13.5353C15.055 13.4955 15.2876 13.2 15.2876 13.2L15.2884 13.1978C16.4014 11.7747 17.0026 10.0366 17 8.25C16.9973 6.06276 16.1009 3.96584 14.5075 2.41922C12.914 0.872603 10.7535 0.00258035 8.5 0ZM8.5 11.25C7.88868 11.25 7.29108 11.0741 6.78279 10.7444C6.27449 10.4148 5.87832 9.94623 5.64438 9.39805C5.41043 8.84987 5.34922 8.24667 5.46848 7.66473C5.58775 7.08279 5.88213 6.54824 6.3144 6.12868C6.74667 5.70912 7.29742 5.4234 7.89699 5.30764C8.49657 5.19189 9.11805 5.2513 9.68284 5.47836C10.2476 5.70542 10.7304 6.08994 11.07 6.58329C11.4096 7.07664 11.5909 7.65666 11.5909 8.25C11.5899 9.04535 11.2639 9.80783 10.6845 10.3702C10.105 10.9326 9.31945 11.249 8.5 11.25Z\" fill=\"#1A1A1A\"\/>\n<\/svg>\n      <\/span>\n      <span class='bde-icon-list__text' >\n      Skovbrynet 141, 7323 Give\n      <\/span>\n              <\/div>\n      \n    <\/li>\n\n  \n              \n    <li>\n              <div class='bde-icon-list__item-wrapper'>\n      \n      <span class='bde-icon-list__icon' aria-hidden='true'>\n        <svg xmlns=\"http:\/\/www.w3.org\/2000\/svg\" width=\"23\" height=\"17\" viewBox=\"0 0 23 17\" fill=\"none\">\n<path d=\"M23 14.875V2.125C23 0.949167 22.0941 0 20.9718 0H2.02822C0.905938 0 0 0.949167 0 2.125V14.875C0 16.0508 0.905938 17 2.02822 17H20.9718C22.0941 17 23 16.0508 23 14.875ZM21.2287 1.96917C21.6749 2.43667 21.4315 2.91833 21.1881 3.15917L15.6984 8.42917L20.9718 14.1808C21.134 14.3792 21.2422 14.6908 21.0529 14.9033C20.8771 15.13 20.4715 15.1158 20.2957 14.9742L14.3868 9.69L11.4932 12.4525L8.61317 9.69L2.70429 14.9742C2.52851 15.1158 2.12287 15.13 1.94709 14.9033C1.75779 14.6908 1.86596 14.3792 2.02822 14.1808L7.30159 8.42917L1.81188 3.15917C1.56849 2.91833 1.3251 2.43667 1.77131 1.96917C2.21752 1.50167 2.67725 1.72833 3.05585 2.06833L11.4932 9.20833L19.9442 2.06833C20.3228 1.72833 20.7825 1.50167 21.2287 1.96917Z\" fill=\"#1A1A1A\"\/>\n<\/svg>\n      <\/span>\n      <span class='bde-icon-list__text' >\n      info@givevent.dk\n      <\/span>\n              <\/div>\n      \n    <\/li>\n\n  <\/ul>\n\n<\/div><div class=\"bde-div-20-161 bde-div\">\n  \n  \n\t\n\n\n\n<div class=\"bde-button-20-162 bde-button\">\n        \n    \n    \n    \n    \n            \n                    \n            \n            \n\n    \n    \n    \n    \n    \n    <a class=\"breakdance-link button-atom button-atom--custom bde-button__button\" href=\"https:\/\/givevent.dk\/index.php\/kontakt-os\/\" target=\"_self\" data-type=\"url\"  >\n\n    \n        <span class=\"button-atom__text\">Kontakt os<\/span>\n\n        \n        \n                <\/a>\n\n    \n\n\n<\/div><div class=\"bde-button-20-163 bde-button\">\n        \n    \n    \n    \n    \n            \n            <button type=\"button\" class=\"button-atom button-atom--custom bde-button__button\"  >\n    \n        <span class=\"button-atom__text\">+45 6073 0631<\/span>\n\n                            \n        \n            <\/button>\n    \n\n\n<\/div>\n<\/div><div class=\"bde-image-20-164 bde-image\">\n<figure class=\"breakdance-image breakdance-image--16\">\n\t<div class=\"breakdance-image-container\">\n\t\t<div class=\"breakdance-image-clip\"><img loading=\"lazy\" decoding=\"async\" class=\"breakdance-image-object\" src=\"https:\/\/breakdancelibrary.com\/electricity\/wp-content\/uploads\/sites\/17\/2022\/10\/stripes_cta.png\" width=\"515\" height=\"544\" srcset=\"https:\/\/breakdancelibrary.com\/electricity\/wp-content\/uploads\/sites\/17\/2022\/10\/stripes_cta.png 515w, https:\/\/breakdancelibrary.com\/electricity\/wp-content\/uploads\/sites\/17\/2022\/10\/stripes_cta-284x300.png 284w\" sizes=\"auto, (max-width: 515px) 100vw, 515px\"><\/div>\n\t<\/div><\/figure>\n\n<\/div>\n<\/div><\/div><\/div>\n<\/section>","protected":false},"excerpt":{"rendered":"<p>Vi hj\u00e6lper med luftforandring, Give Ventilation Velkommen til GIVE VENTilation ApS &#8211; din p\u00e5lidelige partner inden for ventilation! Vi forst\u00e5r, at et sundt indeklima er essentielt for b\u00e5de hjemmet, erhvervslivet og industrien. Med mange \u00e5rs erfaring i branchen leverer vi skr\u00e6ddersyede l\u00f8sninger, der sikrer optimal luftkvalitet og energieffektivitet. Vores engagerede team st\u00e5r klar til at [&hellip;]<\/p>\n","protected":false},"author":1,"featured_media":0,"parent":0,"menu_order":0,"comment_status":"closed","ping_status":"closed","template":"","meta":{"_breakdance_hide_in_design_set":false,"_breakdance_tags":"","footnotes":""},"class_list":["post-20","page","type-page","status-publish","hentry"],"_links":{"self":[{"href":"https:\/\/givevent.dk\/index.php\/wp-json\/wp\/v2\/pages\/20","targetHints":{"allow":["GET"]}}],"collection":[{"href":"https:\/\/givevent.dk\/index.php\/wp-json\/wp\/v2\/pages"}],"about":[{"href":"https:\/\/givevent.dk\/index.php\/wp-json\/wp\/v2\/types\/page"}],"author":[{"embeddable":true,"href":"https:\/\/givevent.dk\/index.php\/wp-json\/wp\/v2\/users\/1"}],"replies":[{"embeddable":true,"href":"https:\/\/givevent.dk\/index.php\/wp-json\/wp\/v2\/comments?post=20"}],"version-history":[{"count":70,"href":"https:\/\/givevent.dk\/index.php\/wp-json\/wp\/v2\/pages\/20\/revisions"}],"predecessor-version":[{"id":241,"href":"https:\/\/givevent.dk\/index.php\/wp-json\/wp\/v2\/pages\/20\/revisions\/241"}],"wp:attachment":[{"href":"https:\/\/givevent.dk\/index.php\/wp-json\/wp\/v2\/media?parent=20"}],"curies":[{"name":"wp","href":"https:\/\/api.w.org\/{rel}","templated":true}]}}